{"id":39457,"date":"2023-07-07T10:33:14","date_gmt":"2023-07-07T13:33:14","guid":{"rendered":"https:\/\/staging-03bd-icrhdotcomdotbr.wpcomstaging.com\/?page_id=39457"},"modified":"2023-07-14T14:54:55","modified_gmt":"2023-07-14T17:54:55","slug":"voluntario","status":"publish","type":"page","link":"https:\/\/staging-03bd-icrhdotcomdotbr.wpcomstaging.com\/es\/voluntario\/","title":{"rendered":"Voluntario"},"content":{"rendered":"\r\n<p>El <strong>Programa de Voluntariado Tigre <\/strong>tiene como objetivo incentivar a los profesionales del <strong>Grupo <\/strong>a realizar actividades de voluntariado que contribuyan a la misi\u00f3n del <strong>ICRH, <\/strong>de promover el desarrollo de <strong>ni\u00f1os y adolescentes, <\/strong>en l\u00ednea con nuestro prop\u00f3sito, <strong>cuidar el agua para transformar la calidad de vida de las personas<\/strong><\/p>\r\n","protected":false},"excerpt":{"rendered":"<p>El Programa de Voluntariado Tigre tiene como objetivo incentivar a los profesionales del Grupo a realizar actividades de voluntariado que contribuyan a la misi\u00f3n del ICRH, de promover el desarrollo de ni\u00f1os y adolescentes, en l\u00ednea con nuestro prop\u00f3sito, cuidar el agua para transformar la calidad de vida de las personas<\/p>\n","protected":false},"author":1,"featured_media":33841,"parent":0,"menu_order":0,"comment_status":"closed","ping_status":"closed","template":"page-voluntariado-reform.php","meta":{"inline_featured_image":false,"footnotes":""},"class_list":["post-39457","page","type-page","status-publish","has-post-thumbnail","hentry"],"jetpack_sharing_enabled":true,"_links":{"self":[{"href":"https:\/\/staging-03bd-icrhdotcomdotbr.wpcomstaging.com\/es\/wp-json\/wp\/v2\/pages\/39457","targetHints":{"allow":["GET"]}}],"collection":[{"href":"https:\/\/staging-03bd-icrhdotcomdotbr.wpcomstaging.com\/es\/wp-json\/wp\/v2\/pages"}],"about":[{"href":"https:\/\/staging-03bd-icrhdotcomdotbr.wpcomstaging.com\/es\/wp-json\/wp\/v2\/types\/page"}],"author":[{"embeddable":true,"href":"https:\/\/staging-03bd-icrhdotcomdotbr.wpcomstaging.com\/es\/wp-json\/wp\/v2\/users\/1"}],"replies":[{"embeddable":true,"href":"https:\/\/staging-03bd-icrhdotcomdotbr.wpcomstaging.com\/es\/wp-json\/wp\/v2\/comments?post=39457"}],"version-history":[{"count":6,"href":"https:\/\/staging-03bd-icrhdotcomdotbr.wpcomstaging.com\/es\/wp-json\/wp\/v2\/pages\/39457\/revisions"}],"predecessor-version":[{"id":39569,"href":"https:\/\/staging-03bd-icrhdotcomdotbr.wpcomstaging.com\/es\/wp-json\/wp\/v2\/pages\/39457\/revisions\/39569"}],"wp:featuredmedia":[{"embeddable":true,"href":"https:\/\/staging-03bd-icrhdotcomdotbr.wpcomstaging.com\/es\/wp-json\/wp\/v2\/media\/33841"}],"wp:attachment":[{"href":"https:\/\/staging-03bd-icrhdotcomdotbr.wpcomstaging.com\/es\/wp-json\/wp\/v2\/media?parent=39457"}],"curies":[{"name":"wp","href":"https:\/\/api.w.org\/{rel}","templated":true}]}}